{"id":101,"date":"2021-06-14T18:49:43","date_gmt":"2021-06-14T16:49:43","guid":{"rendered":"https:\/\/acbiodling.se\/skelleftea\/?page_id=101"},"modified":"2021-06-14T20:30:30","modified_gmt":"2021-06-14T18:30:30","slug":"styrelsemote-2021-05-25","status":"publish","type":"page","link":"https:\/\/acbiodling.se\/skelleftea\/styrelsemotesprotokoll\/styrelsemote-2021-05-25\/","title":{"rendered":"Styrelsem\u00f6te 2021-05-25"},"content":{"rendered":"\n<p><strong>Minnesanteckningar<\/strong> <\/p>\n\n\n\n<p><strong>Styrelsem\u00f6te 3-2021 zoomm\u00f6te tisdag 25\/5 2021 kl 19.00<\/strong><\/p>\n\n\n\n<p><strong>N\u00e4rvarande: Britta Burstr\u00f6m, ordf., Ola Fristr\u00f6m, Anders Saadio, Arja Kautto sekr.<\/strong><\/p>\n\n\n\n<p><strong>Fr\u00e5nvarande: Gun-Mari B\u00e4ckstr\u00f6m, &nbsp;Tommy Holmstr\u00f6m<\/strong><\/p>\n\n\n\n<p>\u00a71&nbsp;&nbsp;&nbsp;&nbsp;&nbsp;&nbsp;&nbsp;&nbsp;&nbsp;&nbsp;&nbsp;&nbsp;&nbsp;&nbsp;&nbsp;&nbsp;&nbsp; M\u00f6tets \u00f6ppnande,<\/p>\n\n\n\n<p>Britta \u00f6ppnar m\u00f6tet<\/p>\n\n\n\n<p>\u00a72&nbsp;&nbsp;&nbsp;&nbsp;&nbsp;&nbsp;&nbsp;&nbsp;&nbsp;&nbsp;&nbsp;&nbsp;&nbsp;&nbsp;&nbsp;&nbsp;&nbsp; <strong>Godk\u00e4nnande av dagordning + ev \u00f6vriga fr\u00e5gor<\/strong><\/p>\n\n\n\n<p>Dagordning godk\u00e4nns.<\/p>\n\n\n\n<p>\u00d6vrig fr\u00e5ga fr\u00e5n Anders: info om FB-sida och veganr\u00f6relsepropaganda<\/p>\n\n\n\n<p>Britta: ang\u00e5ende en vaxsm\u00e4ltare<\/p>\n\n\n\n<p>Arja: info om Jordbruksverket-sida om aktuellt smittl\u00e4ge<\/p>\n\n\n\n<p>Arja: om pallcontainer med vintermat<\/p>\n\n\n\n<p>\u00a73&nbsp;&nbsp;&nbsp;&nbsp;&nbsp;&nbsp;&nbsp;&nbsp;&nbsp;&nbsp;&nbsp;&nbsp;&nbsp;&nbsp;&nbsp;&nbsp;&nbsp; <strong>F\u00f6reg\u00e5ende minnesanteckningar godk\u00e4ndes<\/strong><\/p>\n\n\n\n<p>&nbsp;&nbsp;&nbsp;&nbsp;&nbsp;&nbsp;&nbsp;&nbsp;&nbsp;&nbsp;&nbsp;&nbsp;&nbsp;&nbsp;&nbsp;&nbsp;&nbsp;&nbsp;&nbsp;&nbsp;&nbsp; Nyckelfr\u00e5gan l\u00f6st.<\/p>\n\n\n\n<p>&nbsp;&nbsp;&nbsp;&nbsp;&nbsp;&nbsp;&nbsp;&nbsp;&nbsp;&nbsp;&nbsp;&nbsp;&nbsp;&nbsp;&nbsp;&nbsp;&nbsp;&nbsp;&nbsp;&nbsp;&nbsp; Minnesanteckningar godk\u00e4ndes<\/p>\n\n\n\n<p>\u00a74&nbsp;&nbsp;&nbsp;&nbsp;&nbsp;&nbsp;&nbsp;&nbsp;&nbsp;&nbsp;&nbsp;&nbsp;&nbsp;&nbsp;&nbsp;&nbsp;&nbsp; <strong>Utrustning Sjungande dalen:<\/strong><\/p>\n\n\n\n<p>Hylla \u2013 b\u00f6r m\u00e4tas f\u00f6rst innan vi kan k\u00f6pa in en hylla<\/p>\n\n\n\n<p>vagn \u2013 Kent kollat, vore praktisk att ha en vagn som transport och \u201dbord\u201d i samband med slungning. Blir enklare att h\u00e5lla rent. Har lite st\u00f6rre hjul, terr\u00e4ngg\u00e5ende, kostar cirka 1000,-. Borde m\u00e4ta f\u00f6rst d\u00f6rr\u00f6ppningarna i den nya lokalen f\u00f6rst. Kent f\u00e5r uppdraget att k\u00f6pa in en vagn.<\/p>\n\n\n\n<p>Refraktrometern \u2013 saknas i inventarielistan<\/p>\n\n\n\n<p>\u00a75&nbsp;&nbsp;&nbsp;&nbsp;&nbsp;&nbsp;&nbsp;&nbsp;&nbsp;&nbsp;&nbsp;&nbsp;&nbsp;&nbsp;&nbsp;&nbsp;&nbsp; <strong>H\u00e4mta det sista i K\u00e5ge<\/strong><\/p>\n\n\n\n<p>Koden samma som tidigare \u2013 det finns kvar en hel del saker kvar i ladan\/ladug\u00e5rden.<\/p>\n\n\n\n<p>Datum f\u00f6r att \u00e5ka till K\u00e5ge och se \u00f6ver vad finns kvar.<\/p>\n\n\n\n<p>Onsdag 2 juni kl 18 tr\u00e4ff i K\u00e5ge f\u00f6r att k\u00f6ra hem till Britta (sic!) allt som f\u00f6reningen har kvar d\u00e4r ute.<\/p>\n\n\n\n<p>\u00a76&nbsp;&nbsp;&nbsp;&nbsp;&nbsp;&nbsp;&nbsp;&nbsp;&nbsp;&nbsp;&nbsp;&nbsp;&nbsp;&nbsp;&nbsp;&nbsp;&nbsp; <strong>S\u00e4lja gr\u00e4sklipparen<\/strong><\/p>\n\n\n\n<p>Hembygdsf\u00f6reningen i K\u00e5ge vill k\u00f6pa gr\u00e4sklipparen.<br>Vi ger dem priset 6000,-.<\/p>\n\n\n\n<p>Britta f\u00e5r detta som ett uppdrag att sk\u00f6ta med Ingvar Boman.<\/p>\n\n\n\n<p>\u00a77&nbsp;&nbsp;&nbsp;&nbsp;&nbsp;&nbsp;&nbsp;&nbsp;&nbsp;&nbsp;&nbsp;&nbsp;&nbsp;&nbsp;&nbsp;&nbsp;&nbsp; <strong>Pollenjakten<\/strong><\/p>\n\n\n\n<p>Ola har anm\u00e4lt sig till detta. Pollenf\u00e4lla har kommit. Inte ig\u00e5ng \u00e4n.<br>Ola har kontakt med forskaren i Ume\u00e5, vilka pollenk\u00e4llor bina h\u00e4mtar pollen.<\/p>\n\n\n\n<p>\u00a78&nbsp;&nbsp;&nbsp;&nbsp;&nbsp;&nbsp;&nbsp;&nbsp;&nbsp;&nbsp;&nbsp;&nbsp;&nbsp;&nbsp;&nbsp;&nbsp;&nbsp; <strong>Sv\u00e4rmf\u00e5ngare<\/strong><\/p>\n\n\n\n<p>Lars-Olof Lindgren har meddelat tillsammans med \u00c5ke Paulsson att f\u00e5nga sv\u00e4rm i v\u00e5r f\u00f6rening. Namnen med telefonnummer l\u00e4ggs ut p\u00e5 hemsidan.<\/p>\n\n\n\n<p>\u00a79&nbsp;&nbsp;&nbsp;&nbsp;&nbsp;&nbsp;&nbsp;&nbsp;&nbsp;&nbsp;&nbsp;&nbsp;&nbsp;&nbsp;&nbsp;&nbsp;&nbsp; <strong>Hemsidan<\/strong><\/p>\n\n\n\n<p>J\u00e4ttefin bild p\u00e5 framsidan och resten i ordning och reda.<br>acbiodling.se\/skelleftea\/<\/p>\n\n\n\n<p>\u00a710&nbsp;&nbsp;&nbsp;&nbsp;&nbsp;&nbsp;&nbsp;&nbsp;&nbsp;&nbsp;&nbsp;&nbsp;&nbsp;&nbsp;&nbsp; <strong>SBR-handbok i bih\u00e4lsa<\/strong>,<\/p>\n\n\n\n<p>4 st b\u00f6cker kommit till f\u00f6reningen.<\/p>\n\n\n\n<p>Britta har dem hemma hos sig.<\/p>\n\n\n\n<p>En bok skulle kunna vara kvar i slungrummet.<br>Arja vill l\u00e5na en f\u00f6r att l\u00e4sa och kolla f\u00f6rsta utkastet.<\/p>\n\n\n\n<p>\u00a711&nbsp;&nbsp;&nbsp;&nbsp;&nbsp;&nbsp;&nbsp;&nbsp;&nbsp;&nbsp;&nbsp;&nbsp;&nbsp;&nbsp;&nbsp; <strong>Ekonomirapport<\/strong><\/p>\n\n\n\n<p>Vi har f\u00e5tt bidrag fr\u00e5n Kulturn\u00e4mnden 8 500,- f\u00f6r 2021.<\/p>\n\n\n\n<p>Ekonomin \u00e4r i ordning. Saldot 69&nbsp;700,-, varroakontot 20&nbsp;000,-.<\/p>\n\n\n\n<p>Britta \u2013 medlemmar inte h\u00e4mtat vax, d\u00e4rav inte s\u00e5 m\u00e5nga inbetalningar<\/p>\n\n\n\n<p>\u00a712&nbsp;&nbsp;&nbsp;&nbsp;&nbsp;&nbsp;&nbsp;&nbsp;&nbsp;&nbsp;&nbsp;&nbsp;&nbsp;&nbsp;&nbsp; <strong>Kommunprojekt i Sjungande dalen<\/strong><\/p>\n\n\n\n<p>H\u00e4nder inte n\u00e5got i \u00e5r. Kommer att p\u00e5g\u00e5 flera \u00e5r.<\/p>\n\n\n\n<p>\u00a713&nbsp;&nbsp;&nbsp;&nbsp;&nbsp;&nbsp;&nbsp;&nbsp;&nbsp;&nbsp;&nbsp;&nbsp;&nbsp;&nbsp;&nbsp; <strong>\u00d6vriga fr\u00e5gor<\/strong><\/p>\n\n\n\n<ul class=\"wp-block-list\"><li>Vaxsm\u00e4ltare \u2013 ej till salu \u00e4n men senare.<\/li><li>FB-sidan som Lars-Olof Lindgren har blir Skellefteortens sida och \u00f6ppen f\u00f6r alla. Lars-Olof blir kvar som administrat\u00f6r tillsammans med en till person.<\/li><li>Veganr\u00f6relsepropaganda \u201dThe Village Vegan\u201d mot biodlare och att \u00e4ta honung, mycket felaktigheter i informationen. Detta borde bem\u00f6tas av SBR. Bekymmersamt. Vore bra att ge information till medlemmarna f\u00f6r att vara beredd med r\u00e4tt information.<\/li><li>Jordbruksverket ansvarar f\u00f6r smitt\u00f6vervakning p\u00e5 djursidan<ul><li><a href=\"https:\/\/jordbruksverket.se\/djur\/ovriga-djur\/bin-och-humlor\/aktuella-restriktioner-for-bin-och-humlor#Text6\">Aktuella restriktioner f\u00f6r bin och humlor &#8211; Jordbruksverket.se<\/a><\/li><\/ul><\/li><li>Frakten f\u00f6rst\u00f6r tanken om att best\u00e4lla pallcontainer<\/li><\/ul>\n\n\n\n<p>\u00a714&nbsp;&nbsp;&nbsp;&nbsp;&nbsp;&nbsp;&nbsp;&nbsp;&nbsp;&nbsp;&nbsp;&nbsp;&nbsp;&nbsp;&nbsp; <strong>H\u00f6sttr\u00e4ff<\/strong><\/p>\n\n\n\n<p>Planen \u00e4r att ha en h\u00f6sttr\u00e4ff f\u00f6r hela f\u00f6reningen under vecka 35.<\/p>\n\n\n\n<p>\u00a715&nbsp;&nbsp;&nbsp;&nbsp;&nbsp;&nbsp;&nbsp;&nbsp;&nbsp;&nbsp;&nbsp;&nbsp;&nbsp;&nbsp;&nbsp; <strong>M\u00f6tets avslutande<\/strong><\/p>\n\n\n\n<p>Britta avslutar m\u00f6tet.<\/p>\n\n\n\n<p>N\u00e4sta styrelsem\u00f6te 17\/8 kl 19.00 f\u00f6rhoppningsvis fysiskt m\u00f6te.<\/p>\n\n\n\n<p>D\u00e5 sker planering av h\u00f6sttr\u00e4ffen f\u00f6r f\u00f6reningen under vecka 35.<\/p>\n","protected":false},"excerpt":{"rendered":"<p>Minnesanteckningar Styrelsem\u00f6te 3-2021 zoomm\u00f6te tisdag 25\/5 2021 kl 19.00 N\u00e4rvarande: Britta Burstr\u00f6m, ordf., Ola Fristr\u00f6m, Anders Saadio, Arja Kautto sekr. Fr\u00e5nvarande: Gun-Mari B\u00e4ckstr\u00f6m, &nbsp;Tommy Holmstr\u00f6m \u00a71&nbsp;&nbsp;&nbsp;&nbsp;&nbsp;&nbsp;&nbsp;&nbsp;&nbsp;&nbsp;&nbsp;&nbsp;&nbsp;&nbsp;&nbsp;&nbsp;&nbsp; M\u00f6tets \u00f6ppnande, Britta \u00f6ppnar m\u00f6tet \u00a72&nbsp;&nbsp;&nbsp;&nbsp;&nbsp;&nbsp;&nbsp;&nbsp;&nbsp;&nbsp;&nbsp;&nbsp;&nbsp;&nbsp;&nbsp;&nbsp;&nbsp; Godk\u00e4nnande av dagordning + ev \u00f6vriga fr\u00e5gor Dagordning &hellip; <a href=\"https:\/\/acbiodling.se\/skelleftea\/styrelsemotesprotokoll\/styrelsemote-2021-05-25\/\">Forts\u00e4tt l\u00e4sa <span class=\"meta-nav\">&rarr;<\/span><\/a><\/p>\n","protected":false},"author":4,"featured_media":0,"parent":44,"menu_order":0,"comment_status":"closed","ping_status":"closed","template":"","meta":{"_bbp_topic_count":0,"_bbp_reply_count":0,"_bbp_total_topic_count":0,"_bbp_total_reply_count":0,"_bbp_voice_count":0,"_bbp_anonymous_reply_count":0,"_bbp_topic_count_hidden":0,"_bbp_reply_count_hidden":0,"_bbp_forum_subforum_count":0,"footnotes":""},"class_list":["post-101","page","type-page","status-publish","hentry"],"_links":{"self":[{"href":"https:\/\/acbiodling.se\/skelleftea\/wp-json\/wp\/v2\/pages\/101","targetHints":{"allow":["GET"]}}],"collection":[{"href":"https:\/\/acbiodling.se\/skelleftea\/wp-json\/wp\/v2\/pages"}],"about":[{"href":"https:\/\/acbiodling.se\/skelleftea\/wp-json\/wp\/v2\/types\/page"}],"author":[{"embeddable":true,"href":"https:\/\/acbiodling.se\/skelleftea\/wp-json\/wp\/v2\/users\/4"}],"replies":[{"embeddable":true,"href":"https:\/\/acbiodling.se\/skelleftea\/wp-json\/wp\/v2\/comments?post=101"}],"version-history":[{"count":2,"href":"https:\/\/acbiodling.se\/skelleftea\/wp-json\/wp\/v2\/pages\/101\/revisions"}],"predecessor-version":[{"id":138,"href":"https:\/\/acbiodling.se\/skelleftea\/wp-json\/wp\/v2\/pages\/101\/revisions\/138"}],"up":[{"embeddable":true,"href":"https:\/\/acbiodling.se\/skelleftea\/wp-json\/wp\/v2\/pages\/44"}],"wp:attachment":[{"href":"https:\/\/acbiodling.se\/skelleftea\/wp-json\/wp\/v2\/media?parent=101"}],"curies":[{"name":"wp","href":"https:\/\/api.w.org\/{rel}","templated":true}]}}