{"id":152,"date":"2021-08-03T15:37:26","date_gmt":"2021-08-03T13:37:26","guid":{"rendered":"https:\/\/acbiodling.se\/skelleftea\/?page_id=152"},"modified":"2022-06-15T20:58:54","modified_gmt":"2022-06-15T18:58:54","slug":"att-anvanda-slungrummet","status":"publish","type":"page","link":"https:\/\/acbiodling.se\/skelleftea\/att-anvanda-slungrummet\/","title":{"rendered":"Att anv\u00e4nda slungrummet"},"content":{"rendered":"\n<p>Det finns en vagn inne i slungrummet f\u00f6r att forsla l\u00e5dorna fr\u00e5n bilen till lokalen. Anv\u00e4nd den d\u00e5 vi inte vill kladda ned f\u00f6r \u00f6vriga f\u00f6reningar som nyttjar lokalerna. G\u00e5 inte med samma skor i slungrummet som i korridoren av samma sk\u00e4l.<\/p>\n\n\n\n<p>Kostnaden \u00e4r 150 kr per g\u00e5ng f\u00f6r medlemmar och 400 kr f\u00f6r de som inte \u00e4r medlemmar. Du kan se\/reservera tider f\u00f6r slungrummet <a href=\"https:\/\/acbiodling.se\/skelleftea\/boka-slungrum\/\" data-type=\"URL\" data-id=\"https:\/\/acbiodling.se\/skelleftea\/boka-slungrum\/\">h\u00e4r<\/a>. Betala sedan till bankgironumret: 521-5397. Kom ih\u00e5g att ange ditt namn vid betalningen. Efter att betalningen kommit in godk\u00e4nner vi den reservation av tiden som du gjort tidigare och du \u00e4r klar att anv\u00e4nda slungrummet.<\/p>\n\n\n\n<p>Ta med egna handdukar.<\/p>\n\n\n\n<p>Honungen tappas i dina egna medtagna k\u00e4rl.<\/p>\n\n\n\n<p>Ta med dig avt\u00e4ckningsvaxet.<\/p>\n\n\n\n<p>Du beh\u00f6ver inte reng\u00f6ra avt\u00e4ckningsbordet och slungan. S\u00e4tt en hink under avt\u00e4ckningsbordet.\u00a0Luta slungan med hj\u00e4lp av klotsen och st\u00e4ll en hink under.<\/p>\n\n\n\n<p>Torka rent alla arbetsytor, borsta ur toastolen och reng\u00f6r golvet s\u00e5 det inte \u00e4r klibbigt n\u00e4r du \u00e4r klar.<\/p>\n\n\n\n<p>\u00c5terst\u00e4ll nycklarna!<\/p>\n\n\n\n<p>Lycka till!<\/p>\n","protected":false},"excerpt":{"rendered":"<p>Det finns en vagn inne i slungrummet f\u00f6r att forsla l\u00e5dorna fr\u00e5n bilen till lokalen. Anv\u00e4nd den d\u00e5 vi inte vill kladda ned f\u00f6r \u00f6vriga f\u00f6reningar som nyttjar lokalerna. G\u00e5 inte med samma skor i slungrummet som i korridoren av &hellip; <a href=\"https:\/\/acbiodling.se\/skelleftea\/att-anvanda-slungrummet\/\">Forts\u00e4tt l\u00e4sa <span class=\"meta-nav\">&rarr;<\/span><\/a><\/p>\n","protected":false},"author":4,"featured_media":0,"parent":0,"menu_order":0,"comment_status":"closed","ping_status":"closed","template":"","meta":{"_bbp_topic_count":0,"_bbp_reply_count":0,"_bbp_total_topic_count":0,"_bbp_total_reply_count":0,"_bbp_voice_count":0,"_bbp_anonymous_reply_count":0,"_bbp_topic_count_hidden":0,"_bbp_reply_count_hidden":0,"_bbp_forum_subforum_count":0,"footnotes":""},"class_list":["post-152","page","type-page","status-publish","hentry"],"_links":{"self":[{"href":"https:\/\/acbiodling.se\/skelleftea\/wp-json\/wp\/v2\/pages\/152","targetHints":{"allow":["GET"]}}],"collection":[{"href":"https:\/\/acbiodling.se\/skelleftea\/wp-json\/wp\/v2\/pages"}],"about":[{"href":"https:\/\/acbiodling.se\/skelleftea\/wp-json\/wp\/v2\/types\/page"}],"author":[{"embeddable":true,"href":"https:\/\/acbiodling.se\/skelleftea\/wp-json\/wp\/v2\/users\/4"}],"replies":[{"embeddable":true,"href":"https:\/\/acbiodling.se\/skelleftea\/wp-json\/wp\/v2\/comments?post=152"}],"version-history":[{"count":4,"href":"https:\/\/acbiodling.se\/skelleftea\/wp-json\/wp\/v2\/pages\/152\/revisions"}],"predecessor-version":[{"id":234,"href":"https:\/\/acbiodling.se\/skelleftea\/wp-json\/wp\/v2\/pages\/152\/revisions\/234"}],"wp:attachment":[{"href":"https:\/\/acbiodling.se\/skelleftea\/wp-json\/wp\/v2\/media?parent=152"}],"curies":[{"name":"wp","href":"https:\/\/api.w.org\/{rel}","templated":true}]}}