{"id":193,"date":"2021-12-15T18:00:20","date_gmt":"2021-12-15T17:00:20","guid":{"rendered":"https:\/\/acbiodling.se\/skelleftea\/?page_id=193"},"modified":"2021-12-15T18:00:20","modified_gmt":"2021-12-15T17:00:20","slug":"styrelsemote-2021-11-23-konstituerande","status":"publish","type":"page","link":"https:\/\/acbiodling.se\/skelleftea\/styrelsemote-2021-11-23-konstituerande\/","title":{"rendered":"Styrelsem\u00f6te 2021-11-23 Konstituerande"},"content":{"rendered":"\n<p>Minnesanteckningar fr\u00e5n konstituerande m\u00f6te 23\/11 2021 kl 19.00<\/p>\n\n\n\n<p>N\u00e4rvarande: Anders Saadio, Kent Sid\u00e9n och Britta Burstr\u00f6m<\/p>\n\n\n\n<p>\u00a71 &nbsp;&nbsp;&nbsp;&nbsp;&nbsp;&nbsp;&nbsp;&nbsp;&nbsp;&nbsp;&nbsp;&nbsp;&nbsp;&nbsp;&nbsp;&nbsp; Ordf\u00f6rande Britta Burstr\u00f6m f\u00f6rklarade m\u00f6tet \u00f6ppnat<\/p>\n\n\n\n<p>\u00a72&nbsp;&nbsp;&nbsp;&nbsp;&nbsp;&nbsp;&nbsp;&nbsp;&nbsp;&nbsp;&nbsp;&nbsp;&nbsp;&nbsp;&nbsp;&nbsp;&nbsp; Till vice ordf\u00f6rande valdes Anders Saadio<\/p>\n\n\n\n<p>&nbsp;&nbsp;&nbsp;&nbsp;&nbsp;&nbsp;&nbsp;&nbsp;&nbsp;&nbsp;&nbsp;&nbsp;&nbsp;&nbsp;&nbsp;&nbsp;&nbsp;&nbsp;&nbsp;&nbsp;&nbsp; Till kass\u00f6r valdes Arja Kautto<\/p>\n\n\n\n<p>&nbsp;&nbsp;&nbsp;&nbsp;&nbsp;&nbsp;&nbsp;&nbsp;&nbsp;&nbsp;&nbsp;&nbsp;&nbsp;&nbsp;&nbsp;&nbsp;&nbsp;&nbsp;&nbsp;&nbsp;&nbsp; Till sekreterare valdes Gun-Mari B\u00e4ckstr\u00f6m<\/p>\n\n\n\n<p>&nbsp;&nbsp;&nbsp;&nbsp;&nbsp;&nbsp;&nbsp;&nbsp;&nbsp;&nbsp;&nbsp;&nbsp;&nbsp;&nbsp;&nbsp;&nbsp;&nbsp;&nbsp;&nbsp;&nbsp;&nbsp; Till ordinarie&nbsp; styrelsemedlem valdes Kent Sid\u00e9n<\/p>\n\n\n\n<p>&nbsp;&nbsp;&nbsp;&nbsp;&nbsp;&nbsp;&nbsp;&nbsp;&nbsp;&nbsp;&nbsp;&nbsp;&nbsp;&nbsp;&nbsp;&nbsp;&nbsp;&nbsp;&nbsp;&nbsp;&nbsp; Ers\u00e4ttare i styrelsen \u00e4r Ola Fristr\u00f6m och Tommy Holmstr\u00f6m<\/p>\n\n\n\n<p>\u00a73&nbsp;&nbsp;&nbsp;&nbsp;&nbsp;&nbsp;&nbsp;&nbsp;&nbsp;&nbsp;&nbsp;&nbsp;&nbsp;&nbsp;&nbsp;&nbsp;&nbsp; Teckningsr\u00e4tt i styrelsen var f\u00f6r sig har Arja Kautto och Britta Burstr\u00f6m<\/p>\n\n\n\n<p>\u00a74&nbsp;&nbsp;&nbsp;&nbsp;&nbsp;&nbsp;&nbsp;&nbsp;&nbsp;&nbsp;&nbsp;&nbsp;&nbsp;&nbsp;&nbsp;&nbsp;&nbsp; Ombud till l\u00e4nsf\u00f6rbundets \u00e5rsm\u00f6te: Kent Sid\u00e9n, Anders Saadio och Britta Burstr\u00f6m<\/p>\n\n\n\n<p>\u00a75&nbsp;&nbsp;&nbsp;&nbsp;&nbsp;&nbsp;&nbsp;&nbsp;&nbsp;&nbsp;&nbsp;&nbsp;&nbsp;&nbsp;&nbsp;&nbsp;&nbsp; M\u00f6tet avslutades av ordf\u00f6rande<\/p>\n","protected":false},"excerpt":{"rendered":"<p>Minnesanteckningar fr\u00e5n konstituerande m\u00f6te 23\/11 2021 kl 19.00 N\u00e4rvarande: Anders Saadio, Kent Sid\u00e9n och Britta Burstr\u00f6m \u00a71 &nbsp;&nbsp;&nbsp;&nbsp;&nbsp;&nbsp;&nbsp;&nbsp;&nbsp;&nbsp;&nbsp;&nbsp;&nbsp;&nbsp;&nbsp;&nbsp; Ordf\u00f6rande Britta Burstr\u00f6m f\u00f6rklarade m\u00f6tet \u00f6ppnat \u00a72&nbsp;&nbsp;&nbsp;&nbsp;&nbsp;&nbsp;&nbsp;&nbsp;&nbsp;&nbsp;&nbsp;&nbsp;&nbsp;&nbsp;&nbsp;&nbsp;&nbsp; Till vice ordf\u00f6rande valdes Anders Saadio &nbsp;&nbsp;&nbsp;&nbsp;&nbsp;&nbsp;&nbsp;&nbsp;&nbsp;&nbsp;&nbsp;&nbsp;&nbsp;&nbsp;&nbsp;&nbsp;&nbsp;&nbsp;&nbsp;&nbsp;&nbsp; Till kass\u00f6r valdes Arja Kautto &nbsp;&nbsp;&nbsp;&nbsp;&nbsp;&nbsp;&nbsp;&nbsp;&nbsp;&nbsp;&nbsp;&nbsp;&nbsp;&nbsp;&nbsp;&nbsp;&nbsp;&nbsp;&nbsp;&nbsp;&nbsp; Till sekreterare &hellip; <a href=\"https:\/\/acbiodling.se\/skelleftea\/styrelsemote-2021-11-23-konstituerande\/\">Forts\u00e4tt l\u00e4sa <span class=\"meta-nav\">&rarr;<\/span><\/a><\/p>\n","protected":false},"author":4,"featured_media":0,"parent":0,"menu_order":0,"comment_status":"closed","ping_status":"closed","template":"","meta":{"_bbp_topic_count":0,"_bbp_reply_count":0,"_bbp_total_topic_count":0,"_bbp_total_reply_count":0,"_bbp_voice_count":0,"_bbp_anonymous_reply_count":0,"_bbp_topic_count_hidden":0,"_bbp_reply_count_hidden":0,"_bbp_forum_subforum_count":0,"footnotes":""},"class_list":["post-193","page","type-page","status-publish","hentry"],"_links":{"self":[{"href":"https:\/\/acbiodling.se\/skelleftea\/wp-json\/wp\/v2\/pages\/193","targetHints":{"allow":["GET"]}}],"collection":[{"href":"https:\/\/acbiodling.se\/skelleftea\/wp-json\/wp\/v2\/pages"}],"about":[{"href":"https:\/\/acbiodling.se\/skelleftea\/wp-json\/wp\/v2\/types\/page"}],"author":[{"embeddable":true,"href":"https:\/\/acbiodling.se\/skelleftea\/wp-json\/wp\/v2\/users\/4"}],"replies":[{"embeddable":true,"href":"https:\/\/acbiodling.se\/skelleftea\/wp-json\/wp\/v2\/comments?post=193"}],"version-history":[{"count":2,"href":"https:\/\/acbiodling.se\/skelleftea\/wp-json\/wp\/v2\/pages\/193\/revisions"}],"predecessor-version":[{"id":195,"href":"https:\/\/acbiodling.se\/skelleftea\/wp-json\/wp\/v2\/pages\/193\/revisions\/195"}],"wp:attachment":[{"href":"https:\/\/acbiodling.se\/skelleftea\/wp-json\/wp\/v2\/media?parent=193"}],"curies":[{"name":"wp","href":"https:\/\/api.w.org\/{rel}","templated":true}]}}