{"id":29,"date":"2021-05-02T20:07:09","date_gmt":"2021-05-02T18:07:09","guid":{"rendered":"https:\/\/acbiodling.se\/skelleftea\/?page_id=29"},"modified":"2025-11-27T13:53:21","modified_gmt":"2025-11-27T12:53:21","slug":"styrelse","status":"publish","type":"page","link":"https:\/\/acbiodling.se\/skelleftea\/styrelse\/","title":{"rendered":"Styrelse"},"content":{"rendered":"\n<p><strong>Ordf\u00f6rande<\/strong>     Anders Saadio<br>070-545 14 15    anders.saadio@telia.com<\/p>\n\n\n\n<p><strong>Vice ordf\u00f6rande<\/strong> Kent Sid\u00e9n<br> 070-396 84 74        sidenlund@hotmail.com <br>     <br><strong>Kass\u00f6r                  <\/strong> Anneli Wahlin N\u00e4sstr\u00f6m<br>070-319 29 01        annelie.nasstrom@gmail.com<br><br><strong>Sekreterare         <\/strong>Gun-Marie B\u00e4ckstr\u00f6m<br>070-3239908         renfors.gronsaker@gmail.com     <br><br><strong>Ledamot           <\/strong>    Ola Fristr\u00f6m<br>070-345 32 38       ola@fristrom.se<br><br><strong>Suppleant           <\/strong>Tommy Holmstr\u00f6m<br>070-314 85 13        tommy-holmstrom@hotmail.com<\/p>\n\n\n\n<p> <strong>Suppleant           <\/strong>Britta Burstr\u00f6m<br>076-111 18 91          brittabur21@gmail.com <\/p>\n\n\n\n<p><\/p>\n","protected":false},"excerpt":{"rendered":"<p>Ordf\u00f6rande Anders Saadio070-545 14 15 anders.saadio@telia.com Vice ordf\u00f6rande Kent Sid\u00e9n 070-396 84 74 sidenlund@hotmail.com Kass\u00f6r Anneli Wahlin N\u00e4sstr\u00f6m070-319 29 01 annelie.nasstrom@gmail.com Sekreterare Gun-Marie B\u00e4ckstr\u00f6m070-3239908 renfors.gronsaker@gmail.com Ledamot Ola Fristr\u00f6m070-345 32 38 ola@fristrom.se Suppleant Tommy Holmstr\u00f6m070-314 85 13 tommy-holmstrom@hotmail.com Suppleant Britta Burstr\u00f6m076-111 &hellip; <a href=\"https:\/\/acbiodling.se\/skelleftea\/styrelse\/\">Forts\u00e4tt l\u00e4sa <span class=\"meta-nav\">&rarr;<\/span><\/a><\/p>\n","protected":false},"author":4,"featured_media":0,"parent":0,"menu_order":0,"comment_status":"closed","ping_status":"closed","template":"","meta":{"_bbp_topic_count":0,"_bbp_reply_count":0,"_bbp_total_topic_count":0,"_bbp_total_reply_count":0,"_bbp_voice_count":0,"_bbp_anonymous_reply_count":0,"_bbp_topic_count_hidden":0,"_bbp_reply_count_hidden":0,"_bbp_forum_subforum_count":0,"footnotes":""},"class_list":["post-29","page","type-page","status-publish","hentry"],"_links":{"self":[{"href":"https:\/\/acbiodling.se\/skelleftea\/wp-json\/wp\/v2\/pages\/29","targetHints":{"allow":["GET"]}}],"collection":[{"href":"https:\/\/acbiodling.se\/skelleftea\/wp-json\/wp\/v2\/pages"}],"about":[{"href":"https:\/\/acbiodling.se\/skelleftea\/wp-json\/wp\/v2\/types\/page"}],"author":[{"embeddable":true,"href":"https:\/\/acbiodling.se\/skelleftea\/wp-json\/wp\/v2\/users\/4"}],"replies":[{"embeddable":true,"href":"https:\/\/acbiodling.se\/skelleftea\/wp-json\/wp\/v2\/comments?post=29"}],"version-history":[{"count":8,"href":"https:\/\/acbiodling.se\/skelleftea\/wp-json\/wp\/v2\/pages\/29\/revisions"}],"predecessor-version":[{"id":246,"href":"https:\/\/acbiodling.se\/skelleftea\/wp-json\/wp\/v2\/pages\/29\/revisions\/246"}],"wp:attachment":[{"href":"https:\/\/acbiodling.se\/skelleftea\/wp-json\/wp\/v2\/media?parent=29"}],"curies":[{"name":"wp","href":"https:\/\/api.w.org\/{rel}","templated":true}]}}