{"id":38,"date":"2021-06-14T20:06:00","date_gmt":"2021-06-14T18:06:00","guid":{"rendered":"https:\/\/acbiodling.se\/skelleftea\/?page_id=38"},"modified":"2022-06-19T15:57:35","modified_gmt":"2022-06-19T13:57:35","slug":"slungrum","status":"publish","type":"page","link":"https:\/\/acbiodling.se\/skelleftea\/slungrum\/","title":{"rendered":"Slungrum"},"content":{"rendered":"\n<p>Vi har flyttat ut ur big\u00e5rden i K\u00e5ge och har numera ett slungrum i de lokaler som Skellefte\u00e5 Bouleklubb huserar i vid Sjungande daldens idrottsplats.<\/p>\n\n\n\n<p>Adress: <br>Br\u00e4nnav\u00e4gen 70 Sjungande Dalens IP<br>93144&nbsp;Skellefte\u00e5<\/p>\n\n\n\n<p>Slungrummet bokas genom Kent Sid\u00e9n: 070-3968474 sidenlund@hotmail.com eller genom att boka direkt via l\u00e4nken h\u00e4runder.<\/p>\n\n\n\n<p>N\u00e4r du bokat tid f\u00f6r slungning finns l\u00e5nekort hos Roger Johansson:   Serenadv\u00e4gen 4     070-8987363    ro.joh67@gmail.com. Kortet beh\u00f6vs f\u00f6r att komma in i huset.<\/p>\n\n\n\n<p>Nyckeln till sj\u00e4lva rummet finns i en nyckelbox utanf\u00f6r d\u00f6rren i korridoren p\u00e5 v\u00e4nster hand.<\/p>\n\n\n\n<p><a href=\"https:\/\/acbiodling.se\/skelleftea\/att-anvanda-slungrummet\/\" data-type=\"page\" data-id=\"152\">Att anv\u00e4nda slungrummet<\/a><\/p>\n\n\n\n<p><a rel=\"noreferrer noopener\" href=\"https:\/\/acbiodling.se\/skelleftea\/boka-slungrum\/\" data-type=\"URL\" data-id=\"https:\/\/acbiodling.se\/skelleftea\/boka-slungrum\/\" target=\"_blank\">Boka slungrummet<\/a><\/p>\n","protected":false},"excerpt":{"rendered":"<p>Vi har flyttat ut ur big\u00e5rden i K\u00e5ge och har numera ett slungrum i de lokaler som Skellefte\u00e5 Bouleklubb huserar i vid Sjungande daldens idrottsplats. Adress: Br\u00e4nnav\u00e4gen 70 Sjungande Dalens IP93144&nbsp;Skellefte\u00e5 Slungrummet bokas genom Kent Sid\u00e9n: 070-3968474 sidenlund@hotmail.com eller genom &hellip; <a href=\"https:\/\/acbiodling.se\/skelleftea\/slungrum\/\">Forts\u00e4tt l\u00e4sa <span class=\"meta-nav\">&rarr;<\/span><\/a><\/p>\n","protected":false},"author":4,"featured_media":0,"parent":0,"menu_order":0,"comment_status":"closed","ping_status":"closed","template":"","meta":{"_bbp_topic_count":0,"_bbp_reply_count":0,"_bbp_total_topic_count":0,"_bbp_total_reply_count":0,"_bbp_voice_count":0,"_bbp_anonymous_reply_count":0,"_bbp_topic_count_hidden":0,"_bbp_reply_count_hidden":0,"_bbp_forum_subforum_count":0,"footnotes":""},"class_list":["post-38","page","type-page","status-publish","hentry"],"_links":{"self":[{"href":"https:\/\/acbiodling.se\/skelleftea\/wp-json\/wp\/v2\/pages\/38","targetHints":{"allow":["GET"]}}],"collection":[{"href":"https:\/\/acbiodling.se\/skelleftea\/wp-json\/wp\/v2\/pages"}],"about":[{"href":"https:\/\/acbiodling.se\/skelleftea\/wp-json\/wp\/v2\/types\/page"}],"author":[{"embeddable":true,"href":"https:\/\/acbiodling.se\/skelleftea\/wp-json\/wp\/v2\/users\/4"}],"replies":[{"embeddable":true,"href":"https:\/\/acbiodling.se\/skelleftea\/wp-json\/wp\/v2\/comments?post=38"}],"version-history":[{"count":13,"href":"https:\/\/acbiodling.se\/skelleftea\/wp-json\/wp\/v2\/pages\/38\/revisions"}],"predecessor-version":[{"id":236,"href":"https:\/\/acbiodling.se\/skelleftea\/wp-json\/wp\/v2\/pages\/38\/revisions\/236"}],"wp:attachment":[{"href":"https:\/\/acbiodling.se\/skelleftea\/wp-json\/wp\/v2\/media?parent=38"}],"curies":[{"name":"wp","href":"https:\/\/api.w.org\/{rel}","templated":true}]}}