{"id":50,"date":"2021-05-02T20:05:23","date_gmt":"2021-05-02T18:05:23","guid":{"rendered":"https:\/\/acbiodling.se\/skelleftea\/?page_id=50"},"modified":"2021-06-14T19:43:07","modified_gmt":"2021-06-14T17:43:07","slug":"funktioner","status":"publish","type":"page","link":"https:\/\/acbiodling.se\/skelleftea\/funktioner\/","title":{"rendered":"Funktioner"},"content":{"rendered":"\n<p><strong>Bif\u00f6rmedlare<\/strong><br>Lars-Olof Lindgren     0761-400565     larsa@storklinten.com<\/p>\n\n\n\n<p><strong>Bih\u00e4lsokommitt\u00e9<\/strong><br>Lars-Olof Lindgren     0761-400565     larsa@storklinten.com<br>Anders Saadio            070-5451415     anders.saadio@telia.com<\/p>\n\n\n\n<p><strong>Utbildningsledare<\/strong><br>Lars-Olof Lindgren     0761-400565     larsa@storklinten.com<\/p>\n\n\n\n<p><strong>Kyrkhelgsrepresentanter<\/strong><br>Arja Kautto                070-3735145     arja@finnvet.com<br>Britta Burstr\u00f6m          076-1111891     brittabur21@gmail.com<\/p>\n\n\n\n<p><strong>Honungsbed\u00f6mningskommitt\u00e9 <\/strong>(efter genomf\u00f6rd utbildning)<br>G\u00f6ran Ceder               070-3521034     goran.cdr@gmail.com<br>Anders Saadio            070-5451415     anders.saadio@telia.com<\/p>\n\n\n\n<p><strong>Valberedning<\/strong><br>Eric Burstr\u00f6m               070-5594382<br>Lars-Olof Lindgren      0761-400565     larsa@storklinten.com<\/p>\n\n\n\n<p><strong>Hemsideansvarig<\/strong><br>Anders Saadio             070-5451415     anders.saadio@telia.com<\/p>\n\n\n\n<p><strong>Revisorer<\/strong><br>Ordinarie  G\u00f6ran Ceder<br>Ordinarie  Solveig B\u00e5tm\u00e4ster<br>Ers\u00e4ttare   Peo Dahlberg<\/p>\n","protected":false},"excerpt":{"rendered":"<p>Bif\u00f6rmedlareLars-Olof Lindgren 0761-400565 larsa@storklinten.com Bih\u00e4lsokommitt\u00e9Lars-Olof Lindgren 0761-400565 larsa@storklinten.comAnders Saadio 070-5451415 anders.saadio@telia.com UtbildningsledareLars-Olof Lindgren 0761-400565 larsa@storklinten.com KyrkhelgsrepresentanterArja Kautto 070-3735145 arja@finnvet.comBritta Burstr\u00f6m 076-1111891 brittabur21@gmail.com Honungsbed\u00f6mningskommitt\u00e9 (efter genomf\u00f6rd utbildning)G\u00f6ran Ceder 070-3521034 goran.cdr@gmail.comAnders Saadio 070-5451415 anders.saadio@telia.com ValberedningEric Burstr\u00f6m 070-5594382Lars-Olof Lindgren 0761-400565 larsa@storklinten.com HemsideansvarigAnders Saadio &hellip; <a href=\"https:\/\/acbiodling.se\/skelleftea\/funktioner\/\">Forts\u00e4tt l\u00e4sa <span class=\"meta-nav\">&rarr;<\/span><\/a><\/p>\n","protected":false},"author":4,"featured_media":0,"parent":0,"menu_order":0,"comment_status":"closed","ping_status":"closed","template":"","meta":{"_bbp_topic_count":0,"_bbp_reply_count":0,"_bbp_total_topic_count":0,"_bbp_total_reply_count":0,"_bbp_voice_count":0,"_bbp_anonymous_reply_count":0,"_bbp_topic_count_hidden":0,"_bbp_reply_count_hidden":0,"_bbp_forum_subforum_count":0,"footnotes":""},"class_list":["post-50","page","type-page","status-publish","hentry"],"_links":{"self":[{"href":"https:\/\/acbiodling.se\/skelleftea\/wp-json\/wp\/v2\/pages\/50","targetHints":{"allow":["GET"]}}],"collection":[{"href":"https:\/\/acbiodling.se\/skelleftea\/wp-json\/wp\/v2\/pages"}],"about":[{"href":"https:\/\/acbiodling.se\/skelleftea\/wp-json\/wp\/v2\/types\/page"}],"author":[{"embeddable":true,"href":"https:\/\/acbiodling.se\/skelleftea\/wp-json\/wp\/v2\/users\/4"}],"replies":[{"embeddable":true,"href":"https:\/\/acbiodling.se\/skelleftea\/wp-json\/wp\/v2\/comments?post=50"}],"version-history":[{"count":7,"href":"https:\/\/acbiodling.se\/skelleftea\/wp-json\/wp\/v2\/pages\/50\/revisions"}],"predecessor-version":[{"id":67,"href":"https:\/\/acbiodling.se\/skelleftea\/wp-json\/wp\/v2\/pages\/50\/revisions\/67"}],"wp:attachment":[{"href":"https:\/\/acbiodling.se\/skelleftea\/wp-json\/wp\/v2\/media?parent=50"}],"curies":[{"name":"wp","href":"https:\/\/api.w.org\/{rel}","templated":true}]}}