{"id":5,"date":"2020-05-19T21:42:45","date_gmt":"2020-05-19T21:42:45","guid":{"rendered":"https:\/\/acbiodling.se\/umea\/?page_id=5"},"modified":"2023-10-17T10:44:02","modified_gmt":"2023-10-17T10:44:02","slug":"umeortens-biodlarforening","status":"publish","type":"page","link":"https:\/\/acbiodling.se\/umea\/","title":{"rendered":"Umeortens biodlarf\u00f6rening"},"content":{"rendered":"\n<p>Umeortensbiodlarf\u00f6rening \u00e4r l\u00e4nets st\u00f6rsta med ca 150 medlemmar. Vi \u00e4r en aktiv f\u00f6rening med ett flertal tr\u00e4ffar under v\u00e5r och sommar.\u00a0<\/p>\n\n\n\n<p>Varje \u00e5r utses \u00e5rets honungsm\u00e4stare som r\u00f6stas fram p\u00e5 \u00e5rsm\u00f6tet av medlemmarna. Honungsm\u00e4staren tilldelas vandringspriset \u201dHonungsdroppen\u201d.<\/p>\n\n\n\n<p>Ungef\u00e4r en g\u00e5ng i m\u00e5naden g\u00f6rs en ett utskick till v\u00e5r epost-lista &#8221;Flustret&#8221;. Eftersom de ibland hamnar i medlemmarnas skr\u00e4ppost s\u00e5 har vi lagt in alla tidigare utskick fr\u00e5n Januari 2020 och fram\u00e5t p\u00e5 <a href=\"https:\/\/acbiodling.se\/umea\/flusterutskick\/\">denna<\/a> sida.<\/p>\n\n\n\n<p>H\u00e4r kan du se vad som \u00e4r <a href=\"https:\/\/acbiodling.se\/umea\/pa-gang\/\" data-type=\"page\" data-id=\"13\">p\u00e5 g\u00e5ng<\/a> i f\u00f6reningen<\/p>\n","protected":false},"excerpt":{"rendered":"<p>Umeortensbiodlarf\u00f6rening \u00e4r l\u00e4nets st\u00f6rsta med ca 150 medlemmar. Vi \u00e4r en aktiv f\u00f6rening med ett flertal tr\u00e4ffar under v\u00e5r och sommar.\u00a0 Varje \u00e5r utses \u00e5rets honungsm\u00e4stare som r\u00f6stas fram p\u00e5 \u00e5rsm\u00f6tet av medlemmarna. Honungsm\u00e4staren tilldelas vandringspriset \u201dHonungsdroppen\u201d. Ungef\u00e4r en g\u00e5ng &hellip; <a href=\"https:\/\/acbiodling.se\/umea\/\">Forts\u00e4tt l\u00e4sa <span class=\"meta-nav\">&rarr;<\/span><\/a><\/p>\n","protected":false},"author":1,"featured_media":0,"parent":0,"menu_order":0,"comment_status":"closed","ping_status":"closed","template":"","meta":{"_bbp_topic_count":0,"_bbp_reply_count":0,"_bbp_total_topic_count":0,"_bbp_total_reply_count":0,"_bbp_voice_count":0,"_bbp_anonymous_reply_count":0,"_bbp_topic_count_hidden":0,"_bbp_reply_count_hidden":0,"_bbp_forum_subforum_count":0,"footnotes":""},"class_list":["post-5","page","type-page","status-publish","hentry"],"_links":{"self":[{"href":"https:\/\/acbiodling.se\/umea\/wp-json\/wp\/v2\/pages\/5","targetHints":{"allow":["GET"]}}],"collection":[{"href":"https:\/\/acbiodling.se\/umea\/wp-json\/wp\/v2\/pages"}],"about":[{"href":"https:\/\/acbiodling.se\/umea\/wp-json\/wp\/v2\/types\/page"}],"author":[{"embeddable":true,"href":"https:\/\/acbiodling.se\/umea\/wp-json\/wp\/v2\/users\/1"}],"replies":[{"embeddable":true,"href":"https:\/\/acbiodling.se\/umea\/wp-json\/wp\/v2\/comments?post=5"}],"version-history":[{"count":6,"href":"https:\/\/acbiodling.se\/umea\/wp-json\/wp\/v2\/pages\/5\/revisions"}],"predecessor-version":[{"id":13574,"href":"https:\/\/acbiodling.se\/umea\/wp-json\/wp\/v2\/pages\/5\/revisions\/13574"}],"wp:attachment":[{"href":"https:\/\/acbiodling.se\/umea\/wp-json\/wp\/v2\/media?parent=5"}],"curies":[{"name":"wp","href":"https:\/\/api.w.org\/{rel}","templated":true}]}}