{"id":70,"date":"2020-06-24T22:44:51","date_gmt":"2020-06-24T22:44:51","guid":{"rendered":"https:\/\/acbiodling.se\/umea\/?page_id=70"},"modified":"2026-03-15T08:18:59","modified_gmt":"2026-03-15T08:18:59","slug":"styrelsen-2","status":"publish","type":"page","link":"https:\/\/acbiodling.se\/umea\/styrelsen-2\/","title":{"rendered":"Styrelsen"},"content":{"rendered":"\n<div class=\"wp-block-media-text alignwide is-stacked-on-mobile\"><figure class=\"wp-block-media-text__media\"><img loading=\"lazy\" decoding=\"async\" width=\"473\" height=\"462\" src=\"https:\/\/acbiodling.se\/umea\/wp-content\/uploads\/sites\/2\/2021\/02\/ake-crop.jpg\" alt=\"\" class=\"wp-image-214 size-full\" srcset=\"https:\/\/acbiodling.se\/umea\/wp-content\/uploads\/sites\/2\/2021\/02\/ake-crop.jpg 473w, https:\/\/acbiodling.se\/umea\/wp-content\/uploads\/sites\/2\/2021\/02\/ake-crop-300x293.jpg 300w\" sizes=\"auto, (max-width: 473px) 100vw, 473px\" \/><\/figure><div class=\"wp-block-media-text__content\">\n<p><strong>\u00c5ke Jonsson<\/strong><br>Ordf\u00f6rande<\/p>\n\n\n\n<p>070-6938954 ake.jonsson@tavelsjo.se<\/p>\n\n\n\n<p>Biodlare sedan 1998. Deltar i Nordbiprojektet. Har mina bin i Tavelsj\u00f6omr\u00e5det. F\u00f6redragsh\u00e5llare och kursledare inom biodling.<\/p>\n<\/div><\/div>\n\n\n\n<div class=\"wp-block-group alignwide\"><div class=\"wp-block-group__inner-container is-layout-flow wp-block-group-is-layout-flow\">\n<div class=\"wp-block-media-text alignwide has-media-on-the-right is-stacked-on-mobile\"><div class=\"wp-block-media-text__content\">\n<p><strong>Larss Freiborns<\/strong><br>Kass\u00f6r<\/p>\n\n\n\n<p>072-2505537<br>larsslarsslarss@gmail.com<\/p>\n\n\n\n<p>Har nordiska bin i Vindelns kommun sedan 2019. Odlar \u00e4ven drottningar.<\/p>\n<\/div><figure class=\"wp-block-media-text__media\"><img loading=\"lazy\" decoding=\"async\" width=\"575\" height=\"399\" src=\"https:\/\/acbiodling.se\/umea\/wp-content\/uploads\/sites\/2\/2026\/03\/lf.png\" alt=\"\" class=\"wp-image-13748 size-full\" srcset=\"https:\/\/acbiodling.se\/umea\/wp-content\/uploads\/sites\/2\/2026\/03\/lf.png 575w, https:\/\/acbiodling.se\/umea\/wp-content\/uploads\/sites\/2\/2026\/03\/lf-300x208.png 300w\" sizes=\"auto, (max-width: 575px) 100vw, 575px\" \/><\/figure><\/div>\n<\/div><\/div>\n\n\n\n<div class=\"wp-block-media-text alignwide is-stacked-on-mobile is-vertically-aligned-center\"><figure class=\"wp-block-media-text__media\"><img loading=\"lazy\" decoding=\"async\" width=\"640\" height=\"427\" src=\"https:\/\/acbiodling.se\/umea\/wp-content\/uploads\/sites\/2\/2020\/06\/bee-5305628_640-4.jpg\" alt=\"\" class=\"wp-image-82 size-full\" srcset=\"https:\/\/acbiodling.se\/umea\/wp-content\/uploads\/sites\/2\/2020\/06\/bee-5305628_640-4.jpg 640w, https:\/\/acbiodling.se\/umea\/wp-content\/uploads\/sites\/2\/2020\/06\/bee-5305628_640-4-300x200.jpg 300w\" sizes=\"auto, (max-width: 640px) 100vw, 640px\" \/><\/figure><div class=\"wp-block-media-text__content\">\n<p><strong>Malin Nilsson<\/strong><br>Ledamot<\/p>\n\n\n\n<p>076-8362780<\/p>\n\n\n\n<p>m.christina.nilsson@gmail.com<\/p>\n\n\n\n<p><\/p>\n\n\n\n<p><\/p>\n<\/div><\/div>\n\n\n\n<div class=\"wp-block-media-text alignwide has-media-on-the-right is-stacked-on-mobile\"><div class=\"wp-block-media-text__content\">\n<p><strong>Johan Ekblad<\/strong><br>Ledamot<\/p>\n\n\n\n<p>070-4411118<br>jka@ekblad.org<\/p>\n\n\n\n<p>Jag \u00e4r sedan 2017 biodlare och har nordiska bin. Har bikupor mestadels i Ostn\u00e4s och T\u00e4fte\u00e5. Odlar drottningar och har h\u00e5llit introduktionskurs f\u00f6r nya biodlare. Har \u00e4ven testat att f\u00f6r\u00e4dla en del biprodukter, t ex: \u00f6l (med bl a propolis), mj\u00f6d, schampo, duschtv\u00e5l och salvor.<\/p>\n<\/div><figure class=\"wp-block-media-text__media\"><img loading=\"lazy\" decoding=\"async\" width=\"150\" height=\"150\" src=\"https:\/\/acbiodling.se\/umea\/wp-content\/uploads\/sites\/2\/2020\/06\/image003.jpg\" alt=\"\" class=\"wp-image-72 size-full\" \/><\/figure><\/div>\n\n\n\n<div class=\"wp-block-media-text alignwide is-stacked-on-mobile\"><figure class=\"wp-block-media-text__media\"><img loading=\"lazy\" decoding=\"async\" width=\"562\" height=\"746\" src=\"https:\/\/acbiodling.se\/umea\/wp-content\/uploads\/sites\/2\/2021\/02\/mats.jpg\" alt=\"\" class=\"wp-image-229 size-full\" srcset=\"https:\/\/acbiodling.se\/umea\/wp-content\/uploads\/sites\/2\/2021\/02\/mats.jpg 562w, https:\/\/acbiodling.se\/umea\/wp-content\/uploads\/sites\/2\/2021\/02\/mats-226x300.jpg 226w\" sizes=\"auto, (max-width: 562px) 100vw, 562px\" \/><\/figure><div class=\"wp-block-media-text__content\">\n<p><strong>Mats Sundling<\/strong><br>Ledamot<\/p>\n\n\n\n<p>070-3399176 mats.sundling@LFvasterbotten.se<\/p>\n\n\n\n<p>Gick biodlarkurs med Hilding Gustavsson som l\u00e4rare i Ume\u00e5 1991. Efter ett l\u00e4ngre uppeh\u00e5ll har jag nu sedan ett par \u00e5r tillbaka n\u00e5gra kupor med Nordiska bin. Deltar i Nordbiprojektet och hj\u00e4lper g\u00e4rna till med att ta hand om sv\u00e4rmar.<\/p>\n<\/div><\/div>\n\n\n\n<div class=\"wp-block-media-text alignwide has-media-on-the-right is-stacked-on-mobile\"><div class=\"wp-block-media-text__content\">\n<p><strong>Jonas Bergdahl<\/strong><br>Sekreterare<\/p>\n\n\n\n<p>070-6467696<br>bergdahl.jonas@gmail.com<\/p>\n\n\n\n<p>B\u00f6rjade med biodling 2025 efter kurs f\u00f6r Stefan Liljenordh. Jag har tre samh\u00e4llen med Nordiska bin p\u00e5 min g\u00e5rd i Anumark.<\/p>\n<\/div><figure class=\"wp-block-media-text__media\"><img loading=\"lazy\" decoding=\"async\" width=\"640\" height=\"480\" src=\"https:\/\/acbiodling.se\/umea\/wp-content\/uploads\/sites\/2\/2026\/02\/Jonas.jpeg\" alt=\"\" class=\"wp-image-13732 size-full\" srcset=\"https:\/\/acbiodling.se\/umea\/wp-content\/uploads\/sites\/2\/2026\/02\/Jonas.jpeg 640w, https:\/\/acbiodling.se\/umea\/wp-content\/uploads\/sites\/2\/2026\/02\/Jonas-300x225.jpeg 300w\" sizes=\"auto, (max-width: 640px) 100vw, 640px\" \/><\/figure><\/div>\n\n\n\n<div class=\"wp-block-media-text alignwide is-stacked-on-mobile is-vertically-aligned-center\"><figure class=\"wp-block-media-text__media\"><img loading=\"lazy\" decoding=\"async\" width=\"640\" height=\"427\" src=\"https:\/\/acbiodling.se\/umea\/wp-content\/uploads\/sites\/2\/2020\/06\/bee-5305628_640-4.jpg\" alt=\"\" class=\"wp-image-82 size-full\" srcset=\"https:\/\/acbiodling.se\/umea\/wp-content\/uploads\/sites\/2\/2020\/06\/bee-5305628_640-4.jpg 640w, https:\/\/acbiodling.se\/umea\/wp-content\/uploads\/sites\/2\/2020\/06\/bee-5305628_640-4-300x200.jpg 300w\" sizes=\"auto, (max-width: 640px) 100vw, 640px\" \/><\/figure><div class=\"wp-block-media-text__content\">\n<p><strong>Emma W\u00e4rme<\/strong><br>Ledamot<\/p>\n\n\n\n<p>076-8110542<\/p>\n\n\n\n<p>warmesharmoni@hotmail.com<\/p>\n\n\n\n<p><\/p>\n\n\n\n<p><\/p>\n<\/div><\/div>\n\n\n\n<p><\/p>\n","protected":false},"excerpt":{"rendered":"<p>\u00c5ke JonssonOrdf\u00f6rande 070-6938954 ake.jonsson@tavelsjo.se Biodlare sedan 1998. Deltar i Nordbiprojektet. Har mina bin i Tavelsj\u00f6omr\u00e5det. F\u00f6redragsh\u00e5llare och kursledare inom biodling. Larss FreibornsKass\u00f6r 072-2505537larsslarsslarss@gmail.com Har nordiska bin i Vindelns kommun sedan 2019. Odlar \u00e4ven drottningar. Malin NilssonLedamot 076-8362780 m.christina.nilsson@gmail.com Johan EkbladLedamot &hellip; <a href=\"https:\/\/acbiodling.se\/umea\/styrelsen-2\/\">Forts\u00e4tt l\u00e4sa <span class=\"meta-nav\">&rarr;<\/span><\/a><\/p>\n","protected":false},"author":2,"featured_media":0,"parent":0,"menu_order":0,"comment_status":"closed","ping_status":"closed","template":"","meta":{"_bbp_topic_count":0,"_bbp_reply_count":0,"_bbp_total_topic_count":0,"_bbp_total_reply_count":0,"_bbp_voice_count":0,"_bbp_anonymous_reply_count":0,"_bbp_topic_count_hidden":0,"_bbp_reply_count_hidden":0,"_bbp_forum_subforum_count":0,"footnotes":""},"class_list":["post-70","page","type-page","status-publish","hentry"],"_links":{"self":[{"href":"https:\/\/acbiodling.se\/umea\/wp-json\/wp\/v2\/pages\/70","targetHints":{"allow":["GET"]}}],"collection":[{"href":"https:\/\/acbiodling.se\/umea\/wp-json\/wp\/v2\/pages"}],"about":[{"href":"https:\/\/acbiodling.se\/umea\/wp-json\/wp\/v2\/types\/page"}],"author":[{"embeddable":true,"href":"https:\/\/acbiodling.se\/umea\/wp-json\/wp\/v2\/users\/2"}],"replies":[{"embeddable":true,"href":"https:\/\/acbiodling.se\/umea\/wp-json\/wp\/v2\/comments?post=70"}],"version-history":[{"count":19,"href":"https:\/\/acbiodling.se\/umea\/wp-json\/wp\/v2\/pages\/70\/revisions"}],"predecessor-version":[{"id":13750,"href":"https:\/\/acbiodling.se\/umea\/wp-json\/wp\/v2\/pages\/70\/revisions\/13750"}],"wp:attachment":[{"href":"https:\/\/acbiodling.se\/umea\/wp-json\/wp\/v2\/media?parent=70"}],"curies":[{"name":"wp","href":"https:\/\/api.w.org\/{rel}","templated":true}]}}